{"id":2,"date":"2013-10-29T20:40:25","date_gmt":"2013-10-29T20:40:25","guid":{"rendered":"http:\/\/www.cooperativadeinformaticos.es\/wordpress\/?page_id=2"},"modified":"2013-10-29T20:49:36","modified_gmt":"2013-10-29T20:49:36","slug":"pagina-ejemplo","status":"publish","type":"page","link":"https:\/\/www.cooperativadeinformaticos.es\/wordpress\/pagina-ejemplo","title":{"rendered":"Sobre nosotros"},"content":{"rendered":"<blockquote><p>La Cooperativa de Inform\u00e1ticos se fund\u00f3 en Alicante y ha estado ofreciendo productos y servicios de calidad al p\u00fablico desde aqu\u00ed. Situada en una maravillosa ciudad, Cooperativa de Inform\u00e1ticos hace todo tipo de cosas sorprendentes para la Comunidad Valenciana y el mundo entero.<\/p><\/blockquote>\n","protected":false},"excerpt":{"rendered":"<p>La Cooperativa de Inform\u00e1ticos se fund\u00f3 en Alicante y ha estado ofreciendo productos y servicios de calidad al p\u00fablico desde aqu\u00ed. Situada en una maravillosa ciudad, Cooperativa de Inform\u00e1ticos hace todo tipo de cosas sorprendentes para la Comunidad Valenciana y el mundo entero.<\/p>\n","protected":false},"author":1,"featured_media":0,"parent":0,"menu_order":0,"comment_status":"open","ping_status":"closed","template":"","meta":{"footnotes":""},"class_list":["post-2","page","type-page","status-publish","hentry"],"_links":{"self":[{"href":"https:\/\/www.cooperativadeinformaticos.es\/wordpress\/wp-json\/wp\/v2\/pages\/2","targetHints":{"allow":["GET"]}}],"collection":[{"href":"https:\/\/www.cooperativadeinformaticos.es\/wordpress\/wp-json\/wp\/v2\/pages"}],"about":[{"href":"https:\/\/www.cooperativadeinformaticos.es\/wordpress\/wp-json\/wp\/v2\/types\/page"}],"author":[{"embeddable":true,"href":"https:\/\/www.cooperativadeinformaticos.es\/wordpress\/wp-json\/wp\/v2\/users\/1"}],"replies":[{"embeddable":true,"href":"https:\/\/www.cooperativadeinformaticos.es\/wordpress\/wp-json\/wp\/v2\/comments?post=2"}],"version-history":[{"count":3,"href":"https:\/\/www.cooperativadeinformaticos.es\/wordpress\/wp-json\/wp\/v2\/pages\/2\/revisions"}],"predecessor-version":[{"id":8,"href":"https:\/\/www.cooperativadeinformaticos.es\/wordpress\/wp-json\/wp\/v2\/pages\/2\/revisions\/8"}],"wp:attachment":[{"href":"https:\/\/www.cooperativadeinformaticos.es\/wordpress\/wp-json\/wp\/v2\/media?parent=2"}],"curies":[{"name":"wp","href":"https:\/\/api.w.org\/{rel}","templated":true}]}}